{"id":334,"date":"2024-12-16T12:29:46","date_gmt":"2024-12-16T11:29:46","guid":{"rendered":"https:\/\/oliver-bogatinov.eu\/home\/?page_id=334"},"modified":"2024-12-17T22:15:02","modified_gmt":"2024-12-17T21:15:02","slug":"education","status":"publish","type":"page","link":"https:\/\/oliver-bogatinov.eu\/home\/education\/","title":{"rendered":"Education"},"content":{"rendered":"<p>&nbsp;<\/p>\n<p><img loading=\"lazy\" decoding=\"async\" class=\"size-medium wp-image-223 alignleft\" src=\"https:\/\/oliver-bogatinov.eu\/home\/wp-content\/uploads\/2024\/12\/OB_diplomaUEFApro-231x300.jpg\" alt=\"\" width=\"231\" height=\"300\" srcset=\"https:\/\/oliver-bogatinov.eu\/home\/wp-content\/uploads\/2024\/12\/OB_diplomaUEFApro-231x300.jpg 231w, https:\/\/oliver-bogatinov.eu\/home\/wp-content\/uploads\/2024\/12\/OB_diplomaUEFApro.jpg 670w\" sizes=\"auto, (max-width: 231px) 100vw, 231px\" \/><\/p>\n<p><em>Oliver holds a UEFA PRO Diploma. At that time, <strong>Aleksander \u010ceferin<\/strong> was the President of the National Football Association of Slovenia (NZS). <strong>Ale\u0161 Zavrl<\/strong> was the General Secretary, and <strong>Rudi Bra\u010di\u010d<\/strong>, who also mentored Oliver Bogatinov&#8217;s Diploma thesis, was the President of the Coaches Association<\/em><\/p>\n<p>&nbsp;<\/p>\n<p><em>Oliver is also academically educated, having completed a <strong>Bachelor Degree in Economics<\/strong> and <strong>Post Graduate Diploma in Management<\/strong>.<\/em><\/p>\n<p><a href=\"https:\/\/oliver-bogatinov.eu\/\"><img loading=\"lazy\" decoding=\"async\" class=\"alignnone size-full wp-image-444\" src=\"https:\/\/oliver-bogatinov.eu\/home\/wp-content\/uploads\/2024\/12\/obhomepage.png\" alt=\"\" width=\"126\" height=\"49\" \/><\/a><\/p>\n<p>&nbsp;<\/p>\n","protected":false},"excerpt":{"rendered":"<p>&nbsp; Oliver holds a UEFA PRO Diploma. At that time, Aleksander \u010ceferin was the President of the National Football Association of Slovenia (NZS). Ale\u0161 Zavrl was the General Secretary, and Rudi Bra\u010di\u010d, who also mentored Oliver Bogatinov&#8217;s Diploma thesis, was the President of the Coaches Association &nbsp; Oliver is also academically educated, having completed a [&hellip;]<\/p>\n","protected":false},"author":1,"featured_media":0,"parent":0,"menu_order":0,"comment_status":"closed","ping_status":"closed","template":"","meta":{"footnotes":""},"class_list":["post-334","page","type-page","status-publish","hentry"],"_links":{"self":[{"href":"https:\/\/oliver-bogatinov.eu\/home\/wp-json\/wp\/v2\/pages\/334","targetHints":{"allow":["GET"]}}],"collection":[{"href":"https:\/\/oliver-bogatinov.eu\/home\/wp-json\/wp\/v2\/pages"}],"about":[{"href":"https:\/\/oliver-bogatinov.eu\/home\/wp-json\/wp\/v2\/types\/page"}],"author":[{"embeddable":true,"href":"https:\/\/oliver-bogatinov.eu\/home\/wp-json\/wp\/v2\/users\/1"}],"replies":[{"embeddable":true,"href":"https:\/\/oliver-bogatinov.eu\/home\/wp-json\/wp\/v2\/comments?post=334"}],"version-history":[{"count":5,"href":"https:\/\/oliver-bogatinov.eu\/home\/wp-json\/wp\/v2\/pages\/334\/revisions"}],"predecessor-version":[{"id":448,"href":"https:\/\/oliver-bogatinov.eu\/home\/wp-json\/wp\/v2\/pages\/334\/revisions\/448"}],"wp:attachment":[{"href":"https:\/\/oliver-bogatinov.eu\/home\/wp-json\/wp\/v2\/media?parent=334"}],"curies":[{"name":"wp","href":"https:\/\/api.w.org\/{rel}","templated":true}]}}