{"id":277,"date":"2024-12-13T11:47:33","date_gmt":"2024-12-13T10:47:33","guid":{"rendered":"https:\/\/oliver-bogatinov.eu\/home\/?page_id=277"},"modified":"2025-08-07T05:51:13","modified_gmt":"2025-08-07T04:51:13","slug":"portfolio-1","status":"publish","type":"page","link":"https:\/\/oliver-bogatinov.eu\/home\/portfolio-1\/","title":{"rendered":"Transfers of players"},"content":{"rendered":"<h3><!--StartFragment --><\/h3>\n<h2>Player Transfers &amp; Career Moves<\/h2>\n<p>Throughout my career, I\u2019ve played a key role in facilitating high-profile player transfers\u2014both as a <strong>Sporting Director<\/strong> and as a <strong>First Team Coach<\/strong>. These moves reflect not only strategic vision, but also a deep commitment to player growth and club success.<\/p>\n<hr \/>\n<h3>Transfers as Sporting Director<\/h3>\n<p>I\u2019ve overseen several major transfers, including record-breaking deals and international placements that elevated both the players and the clubs involved.<\/p>\n<table>\n<thead>\n<tr>\n<th>Player<\/th>\n<th>Destination Club<\/th>\n<th>League<\/th>\n<th>Notable Detail<\/th>\n<\/tr>\n<\/thead>\n<tbody>\n<tr>\n<td><strong>Kaheem Paris<\/strong><\/td>\n<td>Dynamo Kyiv<\/td>\n<td>Ukrainian Premier League<\/td>\n<td><em>Record transfer fee in FC Koper history<\/em><\/td>\n<\/tr>\n<tr>\n<td><strong>Lamin Colley<\/strong><\/td>\n<td>Pusk\u00e1s Akad\u00e9mia FC<\/td>\n<td>NB I (Hungary)<\/td>\n<td>\u2014<\/td>\n<\/tr>\n<tr>\n<td><strong>\u017dan Kolmani\u010d<\/strong><\/td>\n<td>Austin FC<\/td>\n<td>MLS (USA)<\/td>\n<td>\u2014<\/td>\n<\/tr>\n<tr>\n<td><strong>\u017dan \u017du\u017eek<\/strong><\/td>\n<td>Bari<\/td>\n<td>Serie B (Italy)<\/td>\n<td>\u2014<\/td>\n<\/tr>\n<tr>\n<td><strong>Nardin Mulahusejnovi\u0107<\/strong><\/td>\n<td>N\u0160 Mura<\/td>\n<td>Slovenian PrvaLiga<\/td>\n<td>\u2014<\/td>\n<\/tr>\n<tr>\n<td><strong>Ivan Borna Jeli\u0107 Balta<\/strong><\/td>\n<td>Wis\u0142a Krak\u00f3w<\/td>\n<td>Betclic I liga (Poland)<\/td>\n<td>\u2014<\/td>\n<\/tr>\n<tr>\n<td><strong>Luka Zahovi\u0107<\/strong><\/td>\n<td>Pogo\u0144 Szczecin<\/td>\n<td>Ekstraklasa (Poland)<\/td>\n<td>\u2014<\/td>\n<\/tr>\n<\/tbody>\n<\/table>\n<hr \/>\n<h3>Transfers as First Team Coach<\/h3>\n<p>As head coach, I\u2019ve helped shape players ready for the next step\u2014whether into top-tier leagues or prestigious academies.<\/p>\n<table>\n<thead>\n<tr>\n<th>Player<\/th>\n<th>Destination Club<\/th>\n<th>League<\/th>\n<th>Notable Detail<\/th>\n<\/tr>\n<\/thead>\n<tbody>\n<tr>\n<td><strong>Luka Ve\u0161ner Ti\u010di\u010d<\/strong><\/td>\n<td>Pari NN<\/td>\n<td>Russian Premier League<\/td>\n<td>\u2014<\/td>\n<\/tr>\n<tr>\n<td><strong>Ahmed Ankrah<\/strong><\/td>\n<td>Riga FC<\/td>\n<td>Virsl\u012bga (Latvia)<\/td>\n<td>\u2014<\/td>\n<\/tr>\n<tr>\n<td><strong>Arman Durmi\u0161i<\/strong><\/td>\n<td>Juventus U17<\/td>\n<td>Italy<\/td>\n<td><em>Youth academy placement<\/em><\/td>\n<\/tr>\n<tr>\n<td><strong>Timoth\u00e9 Nkada<\/strong><\/td>\n<td>Rodez AF<\/td>\n<td>Ligue 2 (France)<\/td>\n<td>\u2014<\/td>\n<\/tr>\n<tr>\n<td><strong>Ester Sokler<\/strong><\/td>\n<td>Aberdeen FC<\/td>\n<td>Scottish Premiership<\/td>\n<td>\u2014<\/td>\n<\/tr>\n<tr>\n<td><strong>Anel Zuli\u0107<\/strong><\/td>\n<td>Viborg FF<\/td>\n<td>Danish Superliga<\/td>\n<td>\u2014<\/td>\n<\/tr>\n<tr>\n<td><strong>Francesco Tahiraj<\/strong><\/td>\n<td>Hajduk Split<\/td>\n<td>Croatian HNL<\/td>\n<td>\u2014<\/td>\n<\/tr>\n<tr>\n<td><strong>Erik Gliha<\/strong><\/td>\n<td>Sint-Truiden<\/td>\n<td>Belgian Pro League<\/td>\n<td>\u2014<\/td>\n<\/tr>\n<tr>\n<td><strong>Ibrahim Mensah<\/strong><\/td>\n<td>IK Start<\/td>\n<td>Eliteserien (Norway)<\/td>\n<td>\u2014<\/td>\n<\/tr>\n<tr>\n<td><strong>Ivan Kontek<\/strong><\/td>\n<td>Ternana<\/td>\n<td>Serie C (Italy)<\/td>\n<td>\u2014<\/td>\n<\/tr>\n<tr>\n<td><strong>Luka \u0160tor<\/strong><\/td>\n<td>Dynamo Dresden<\/td>\n<td>2. Bundesliga (Germany)<\/td>\n<td>\u2014<\/td>\n<\/tr>\n<tr>\n<td><strong>Dejan Petrovi\u010d<\/strong><\/td>\n<td>Rapid Vienna<\/td>\n<td>Austrian Bundesliga<\/td>\n<td>\u2014<\/td>\n<\/tr>\n<\/tbody>\n<\/table>\n<hr \/>\n<p>These transfers highlight my ability to:<\/p>\n<ul>\n<li>Identify and nurture talent<\/li>\n<li>Build strategic relationships across leagues<\/li>\n<li>Maximize player value and club potential<\/li>\n<\/ul>\n<h3><!--EndFragment --><\/h3>\n<h4><\/h4>\n","protected":false},"excerpt":{"rendered":"<p>Player Transfers &amp; Career Moves Throughout my career, I\u2019ve played a key role in facilitating high-profile player transfers\u2014both as a Sporting Director and as a First Team Coach. These moves reflect not only strategic vision, but also a deep commitment to player growth and club success. Transfers as Sporting Director I\u2019ve overseen several major transfers, [&hellip;]<\/p>\n","protected":false},"author":1,"featured_media":0,"parent":0,"menu_order":0,"comment_status":"closed","ping_status":"closed","template":"","meta":{"footnotes":""},"class_list":["post-277","page","type-page","status-publish","hentry"],"_links":{"self":[{"href":"https:\/\/oliver-bogatinov.eu\/home\/wp-json\/wp\/v2\/pages\/277","targetHints":{"allow":["GET"]}}],"collection":[{"href":"https:\/\/oliver-bogatinov.eu\/home\/wp-json\/wp\/v2\/pages"}],"about":[{"href":"https:\/\/oliver-bogatinov.eu\/home\/wp-json\/wp\/v2\/types\/page"}],"author":[{"embeddable":true,"href":"https:\/\/oliver-bogatinov.eu\/home\/wp-json\/wp\/v2\/users\/1"}],"replies":[{"embeddable":true,"href":"https:\/\/oliver-bogatinov.eu\/home\/wp-json\/wp\/v2\/comments?post=277"}],"version-history":[{"count":9,"href":"https:\/\/oliver-bogatinov.eu\/home\/wp-json\/wp\/v2\/pages\/277\/revisions"}],"predecessor-version":[{"id":588,"href":"https:\/\/oliver-bogatinov.eu\/home\/wp-json\/wp\/v2\/pages\/277\/revisions\/588"}],"wp:attachment":[{"href":"https:\/\/oliver-bogatinov.eu\/home\/wp-json\/wp\/v2\/media?parent=277"}],"curies":[{"name":"wp","href":"https:\/\/api.w.org\/{rel}","templated":true}]}}